{"id":13,"date":"2011-09-11T14:33:38","date_gmt":"2011-09-11T14:33:38","guid":{"rendered":"http:\/\/tennis-hohenpeissenberg.de\/?page_id=13"},"modified":"2023-01-28T14:01:35","modified_gmt":"2023-01-28T13:01:35","slug":"kontakt","status":"publish","type":"page","link":"http:\/\/tennis-hohenpeissenberg.de\/?page_id=13","title":{"rendered":"Kontakt"},"content":{"rendered":"<p><!-- Begin MailChimp Signup Form --><\/p>\n<h2>Adresse:<\/h2>\n<p>Vereinsheim der Tennisabteilung Hohenpei\u00dfenberg<br \/>\nUnterbau 72 &#8211; Sportgel\u00e4nde an der Rigi Alm<\/p>\n<p>D-82383 Hohenpei\u00dfenberg<\/p>\n<p>E-Mail: <a href=\"mailto:kontakt@tennis-hohenpeissenberg.de\">kontakt@tennis-hohenpeissenberg.de<\/a><\/p>\n","protected":false},"excerpt":{"rendered":"<p>Adresse: Vereinsheim der Tennisabteilung Hohenpei\u00dfenberg Unterbau 72 &#8211; Sportgel\u00e4nde an der Rigi Alm D-82383 Hohenpei\u00dfenberg E-Mail: kontakt@tennis-hohenpeissenberg.de<\/p>\n","protected":false},"author":1,"featured_media":0,"parent":0,"menu_order":8,"comment_status":"closed","ping_status":"open","template":"","meta":{"footnotes":""},"class_list":["post-13","page","type-page","status-publish","hentry"],"_links":{"self":[{"href":"http:\/\/tennis-hohenpeissenberg.de\/index.php?rest_route=\/wp\/v2\/pages\/13","targetHints":{"allow":["GET"]}}],"collection":[{"href":"http:\/\/tennis-hohenpeissenberg.de\/index.php?rest_route=\/wp\/v2\/pages"}],"about":[{"href":"http:\/\/tennis-hohenpeissenberg.de\/index.php?rest_route=\/wp\/v2\/types\/page"}],"author":[{"embeddable":true,"href":"http:\/\/tennis-hohenpeissenberg.de\/index.php?rest_route=\/wp\/v2\/users\/1"}],"replies":[{"embeddable":true,"href":"http:\/\/tennis-hohenpeissenberg.de\/index.php?rest_route=%2Fwp%2Fv2%2Fcomments&post=13"}],"version-history":[{"count":45,"href":"http:\/\/tennis-hohenpeissenberg.de\/index.php?rest_route=\/wp\/v2\/pages\/13\/revisions"}],"predecessor-version":[{"id":2183,"href":"http:\/\/tennis-hohenpeissenberg.de\/index.php?rest_route=\/wp\/v2\/pages\/13\/revisions\/2183"}],"wp:attachment":[{"href":"http:\/\/tennis-hohenpeissenberg.de\/index.php?rest_route=%2Fwp%2Fv2%2Fmedia&parent=13"}],"curies":[{"name":"wp","href":"https:\/\/api.w.org\/{rel}","templated":true}]}}