{"id":1669,"date":"2020-02-14T14:31:22","date_gmt":"2020-02-14T13:31:22","guid":{"rendered":"http:\/\/tennis-hohenpeissenberg.de\/?page_id=1669"},"modified":"2022-04-10T14:59:38","modified_gmt":"2022-04-10T13:59:38","slug":"startseite","status":"publish","type":"page","link":"http:\/\/tennis-hohenpeissenberg.de\/","title":{"rendered":"STARTSEITE"},"content":{"rendered":"\n<p class=\"has-text-color\" style=\"color:#a34000;font-size:19px\">Herzlich Willkommen bei der Tennisabteilung in Hohenpei\u00dfenberg!<\/p>\n\n\n\n<p>Unsere sch\u00f6ne Anlage mit 5 Sandpl\u00e4tzen liegt im Herzen vom Pfaffenwinkel.<\/p>\n\n\n\n<p>Hier findest Du alle wichtigen Informationen aus unserem Tennisverein. <\/p>\n\n\n\n<p>Du m\u00f6chtest uns etwas mitteilen? Wir freuen uns \u00fcber Deine Meinung, Anregung und konstruktive Kritik.<\/p>\n\n\n\n<p>Die Vorstandschaft<\/p>\n\n\n\n<figure class=\"wp-block-image size-full\"><a href=\"http:\/\/tennis-hohenpeissenberg.de\/wp-content\/uploads\/2022\/04\/Bildschirmfoto-2022-04-09-um-08.10.09.png\"><img loading=\"lazy\" decoding=\"async\" width=\"377\" height=\"254\" src=\"http:\/\/tennis-hohenpeissenberg.de\/wp-content\/uploads\/2022\/04\/Bildschirmfoto-2022-04-09-um-08.10.09.png\" alt=\"\" class=\"wp-image-2107\" srcset=\"http:\/\/tennis-hohenpeissenberg.de\/wp-content\/uploads\/2022\/04\/Bildschirmfoto-2022-04-09-um-08.10.09.png 377w, http:\/\/tennis-hohenpeissenberg.de\/wp-content\/uploads\/2022\/04\/Bildschirmfoto-2022-04-09-um-08.10.09-300x202.png 300w\" sizes=\"auto, (max-width: 377px) 100vw, 377px\" \/><\/a><\/figure>\n","protected":false},"excerpt":{"rendered":"<p>Herzlich Willkommen bei der Tennisabteilung in Hohenpei\u00dfenberg! Unsere sch\u00f6ne Anlage mit 5 Sandpl\u00e4tzen liegt im Herzen vom Pfaffenwinkel. Hier findest Du alle wichtigen Informationen aus unserem Tennisverein. Du m\u00f6chtest uns etwas mitteilen? Wir freuen uns \u00fcber Deine Meinung, Anregung und &hellip; <a href=\"http:\/\/tennis-hohenpeissenberg.de\/\">Weiterlesen <span class=\"meta-nav\">&rarr;<\/span><\/a><\/p>\n","protected":false},"author":7,"featured_media":0,"parent":0,"menu_order":0,"comment_status":"closed","ping_status":"closed","template":"","meta":{"footnotes":""},"class_list":["post-1669","page","type-page","status-publish","hentry"],"_links":{"self":[{"href":"http:\/\/tennis-hohenpeissenberg.de\/index.php?rest_route=\/wp\/v2\/pages\/1669","targetHints":{"allow":["GET"]}}],"collection":[{"href":"http:\/\/tennis-hohenpeissenberg.de\/index.php?rest_route=\/wp\/v2\/pages"}],"about":[{"href":"http:\/\/tennis-hohenpeissenberg.de\/index.php?rest_route=\/wp\/v2\/types\/page"}],"author":[{"embeddable":true,"href":"http:\/\/tennis-hohenpeissenberg.de\/index.php?rest_route=\/wp\/v2\/users\/7"}],"replies":[{"embeddable":true,"href":"http:\/\/tennis-hohenpeissenberg.de\/index.php?rest_route=%2Fwp%2Fv2%2Fcomments&post=1669"}],"version-history":[{"count":13,"href":"http:\/\/tennis-hohenpeissenberg.de\/index.php?rest_route=\/wp\/v2\/pages\/1669\/revisions"}],"predecessor-version":[{"id":2108,"href":"http:\/\/tennis-hohenpeissenberg.de\/index.php?rest_route=\/wp\/v2\/pages\/1669\/revisions\/2108"}],"wp:attachment":[{"href":"http:\/\/tennis-hohenpeissenberg.de\/index.php?rest_route=%2Fwp%2Fv2%2Fmedia&parent=1669"}],"curies":[{"name":"wp","href":"https:\/\/api.w.org\/{rel}","templated":true}]}}