{"id":236,"date":"2011-10-23T20:51:07","date_gmt":"2011-10-23T20:51:07","guid":{"rendered":"http:\/\/tennis-hohenpeissenberg.de\/?page_id=236"},"modified":"2022-04-16T14:49:27","modified_gmt":"2022-04-16T13:49:27","slug":"training","status":"publish","type":"page","link":"http:\/\/tennis-hohenpeissenberg.de\/?page_id=236","title":{"rendered":"Training"},"content":{"rendered":"\n<p>An folgenden Tagen sind die Pl\u00e4tze f\u00fcr den Trainingsbetrieb reserviert:<\/p>\n\n\n\n<figure class=\"wp-block-table\"><table><tbody><tr><td><\/td><td><strong>Wochentag<\/strong><\/td><td><strong>Uhrzeit<\/strong><\/td><td><strong>Reservierte Pl\u00e4tze<\/strong><\/td><\/tr><tr><td><strong>Frauen<\/strong><\/td><td>Montag<\/td><td>14 h<\/td><td>3 + 4<\/td><\/tr><tr><td><strong>Seniorentreff<\/strong><\/td><td>Montag <\/td><td>16 h<\/td><td>1 + 2<\/td><\/tr><tr><td><strong>Herren 40 <\/strong><\/td><td>Montag<\/td><td>ab 18.30 h<\/td><td>1+2<\/td><\/tr><tr><td><strong>BSG Golde<\/strong><\/td><td>Dienstag<\/td><td>18 h<\/td><td>3 + 4<\/td><\/tr><tr><td><strong>Herren 40<\/strong><\/td><td>Mittwoch<\/td><td>ab 18.30 h<\/td><td>1+2<\/td><\/tr><tr><td><strong>Jugend<\/strong><\/td><td>Donnerstag<\/td><td>16-18 h<\/td><td>3<\/td><\/tr><tr><td><strong>Jugend<\/strong><\/td><td>Freitag<\/td><td>14-18 h<\/td><td>3 <\/td><\/tr><tr><td><strong>Jugend<\/strong><\/td><td>Freitag<\/td><td>18 &#8211;<br>19.30 h<\/td><td>3 + 4<\/td><\/tr><tr><td><strong>Herren <\/strong><\/td><td>Freitag<\/td><td>ab <br>17.30 h<\/td><td>1 + 2<\/td><\/tr><\/tbody><\/table><\/figure>\n\n\n\n<h3 class=\"has-text-color wp-block-heading\" style=\"color:#a30000\">Und immer Montags ab 14 Uhr! <\/h3>\n\n\n\n<h3 class=\"has-text-color wp-block-heading\" style=\"color:#a30f00\">Tennis f\u00fcr ALLE, die Spa\u00df am spielen haben oder es vielleicht einfach mal ausprobieren wollen!<\/h3>\n\n\n\n<p><\/p>\n\n\n\n<figure class=\"wp-block-image size-large\"><img loading=\"lazy\" decoding=\"async\" width=\"991\" height=\"675\" src=\"http:\/\/tennis-hohenpeissenberg.de\/wp-content\/uploads\/2020\/10\/Platzbelegung2020.png\" alt=\"\" class=\"wp-image-1919\" srcset=\"http:\/\/tennis-hohenpeissenberg.de\/wp-content\/uploads\/2020\/10\/Platzbelegung2020.png 991w, http:\/\/tennis-hohenpeissenberg.de\/wp-content\/uploads\/2020\/10\/Platzbelegung2020-300x204.png 300w, http:\/\/tennis-hohenpeissenberg.de\/wp-content\/uploads\/2020\/10\/Platzbelegung2020-768x523.png 768w\" sizes=\"auto, (max-width: 991px) 100vw, 991px\" \/><\/figure>\n","protected":false},"excerpt":{"rendered":"<p>An folgenden Tagen sind die Pl\u00e4tze f\u00fcr den Trainingsbetrieb reserviert: Wochentag Uhrzeit Reservierte Pl\u00e4tze Frauen Montag 14 h 3 + 4 Seniorentreff Montag 16 h 1 + 2 Herren 40 Montag ab 18.30 h 1+2 BSG Golde Dienstag 18 h &hellip; <a href=\"http:\/\/tennis-hohenpeissenberg.de\/?page_id=236\">Weiterlesen <span class=\"meta-nav\">&rarr;<\/span><\/a><\/p>\n","protected":false},"author":1,"featured_media":0,"parent":0,"menu_order":6,"comment_status":"closed","ping_status":"open","template":"","meta":{"footnotes":""},"class_list":["post-236","page","type-page","status-publish","hentry"],"_links":{"self":[{"href":"http:\/\/tennis-hohenpeissenberg.de\/index.php?rest_route=\/wp\/v2\/pages\/236","targetHints":{"allow":["GET"]}}],"collection":[{"href":"http:\/\/tennis-hohenpeissenberg.de\/index.php?rest_route=\/wp\/v2\/pages"}],"about":[{"href":"http:\/\/tennis-hohenpeissenberg.de\/index.php?rest_route=\/wp\/v2\/types\/page"}],"author":[{"embeddable":true,"href":"http:\/\/tennis-hohenpeissenberg.de\/index.php?rest_route=\/wp\/v2\/users\/1"}],"replies":[{"embeddable":true,"href":"http:\/\/tennis-hohenpeissenberg.de\/index.php?rest_route=%2Fwp%2Fv2%2Fcomments&post=236"}],"version-history":[{"count":47,"href":"http:\/\/tennis-hohenpeissenberg.de\/index.php?rest_route=\/wp\/v2\/pages\/236\/revisions"}],"predecessor-version":[{"id":2115,"href":"http:\/\/tennis-hohenpeissenberg.de\/index.php?rest_route=\/wp\/v2\/pages\/236\/revisions\/2115"}],"wp:attachment":[{"href":"http:\/\/tennis-hohenpeissenberg.de\/index.php?rest_route=%2Fwp%2Fv2%2Fmedia&parent=236"}],"curies":[{"name":"wp","href":"https:\/\/api.w.org\/{rel}","templated":true}]}}