{"id":9,"date":"2011-09-11T14:33:05","date_gmt":"2011-09-11T14:33:05","guid":{"rendered":"http:\/\/tennis-hohenpeissenberg.de\/?page_id=9"},"modified":"2026-04-12T15:34:06","modified_gmt":"2026-04-12T14:34:06","slug":"mitglied-werden-2","status":"publish","type":"page","link":"http:\/\/tennis-hohenpeissenberg.de\/?page_id=9","title":{"rendered":"Mitglied werden"},"content":{"rendered":"\n<p><\/p>\n\n\n\n<p>Wenn Du Mitglied werden m\u00f6chtest, musst Du in den TSV und in unserer Tennissparte beitreten. Die aktuellen Beitragss\u00e4tze kannst Du der folgenden Tabelle entnehmen:<\/p>\n\n\n\n<p><strong>Wie in der&nbsp;Jahreshauptversammlung 2021 beschlossen wurde, \u00e4ndern sich die Beitr\u00e4ge ab 2022 wie folgt:<\/strong><\/p>\n\n\n\n<figure class=\"wp-block-table\"><table class=\"has-black-color has-text-color\"><tbody><tr><td><\/td><td><\/td><td><strong>Aktiv<\/strong><\/td><td><strong>Passiv<\/strong><\/td><\/tr><tr><td><strong>Erwachsene <\/strong> ab 19. Lebensjahr<\/td><td><\/td><td><strong>59,&#8211; <\/strong>Euro<\/td><td><strong>43,&#8211; <\/strong>Euro<\/td><\/tr><tr><td><strong>Jugend<\/strong> ab 15. Lebensjahr<\/td><td><strong>29,&#8211; <\/strong>Euro<\/td><td><\/td><td><\/td><\/tr><tr><td><strong>Kinder<\/strong> bis einschl. 14. Lebensjahr<\/td><td><strong>19,&#8211;<\/strong> Euro<\/td><td><\/td><td><\/td><\/tr><tr><td><strong>Familien <\/strong><\/td><td><strong>129,&#8211; <\/strong>Euro<\/td><td><\/td><td><\/td><\/tr><\/tbody><\/table><figcaption class=\"wp-element-caption\"><strong>Zuz\u00fcglich des jeweiligen TSV-Beitrages (30,&#8211;, 15,&#8211;, 9,&#8211; Euro).                                                                       Die Tennisbeitr\u00e4ge werden immer f\u00fcr das laufende Beitragsjahr im April per Lastschrift eingezogen.<\/strong><\/figcaption><\/figure>\n\n\n\n<p><\/p>\n\n\n\n<p class=\"has-normal-font-size\">Als Aktivmitglied z\u00e4hlen alle, die im Vorjahr mindestens 5 x gespielt haben!<\/p>\n\n\n\n<p class=\"has-normal-font-size\">Als Passivmitglied z\u00e4hlen alle, die im Vorjahr weniger als 5 x gespielt haben!<\/p>\n\n\n\n<p class=\"has-normal-font-size\">Familie: mind. 1 Kind war am 01.01. noch minderj\u00e4hrig und alle Betr\u00e4ge werden vom selben Konto abgebucht!<\/p>\n\n\n\n<figure class=\"wp-block-image size-full is-resized\"><a href=\"http:\/\/tennis-hohenpeissenberg.de\/wp-content\/uploads\/2026\/04\/Infoblatt-ab-2026.png\"><img loading=\"lazy\" decoding=\"async\" width=\"1172\" height=\"1666\" src=\"http:\/\/tennis-hohenpeissenberg.de\/wp-content\/uploads\/2026\/04\/Infoblatt-ab-2026.png\" alt=\"\" class=\"wp-image-2335\" style=\"aspect-ratio:1;width:670px;height:auto\" srcset=\"http:\/\/tennis-hohenpeissenberg.de\/wp-content\/uploads\/2026\/04\/Infoblatt-ab-2026.png 1172w, http:\/\/tennis-hohenpeissenberg.de\/wp-content\/uploads\/2026\/04\/Infoblatt-ab-2026-211x300.png 211w, http:\/\/tennis-hohenpeissenberg.de\/wp-content\/uploads\/2026\/04\/Infoblatt-ab-2026-720x1024.png 720w, http:\/\/tennis-hohenpeissenberg.de\/wp-content\/uploads\/2026\/04\/Infoblatt-ab-2026-768x1092.png 768w, http:\/\/tennis-hohenpeissenberg.de\/wp-content\/uploads\/2026\/04\/Infoblatt-ab-2026-1081x1536.png 1081w\" sizes=\"auto, (max-width: 1172px) 100vw, 1172px\" \/><\/a><figcaption class=\"wp-element-caption\">Infoblatt (Neu-) Mitglieder 2022<\/figcaption><\/figure>\n\n\n\n<p>&#8212;&#8212;&#8212;&#8212;&#8212;&#8212;&#8212;&#8212;&#8212;&#8212;&#8212;&#8212;&#8212;&#8212;&#8212;&#8212;&#8212;&#8212;&#8212;&#8212;&#8212;&#8212;&#8212;&#8212;&#8212;&#8212;&#8212;&#8212;&#8212;&#8212;&#8212;&#8212;&#8212;&#8212;&#8212;&#8212;&#8212;<\/p>\n\n\n\n<figure class=\"wp-block-gallery has-nested-images columns-default is-cropped wp-block-gallery-1 is-layout-flex wp-block-gallery-is-layout-flex\"><\/figure>\n\n\n\n<p>&#8212;&#8212;&#8212;&#8212;&#8212;&#8212;&#8212;&#8212;&#8212;&#8212;&#8212;&#8212;&#8212;&#8212;&#8212;&#8212;&#8212;&#8212;&#8212;&#8212;&#8212;&#8212;&#8212;&#8212;&#8212;&#8212;&#8212;&#8212;&#8212;&#8212;&#8212;&#8212;&#8212;&#8212;&#8212;&#8212;&#8212;<\/p>\n\n\n\n<p>Wenn Du Mitglied werden m\u00f6chtest, klicke bitte auf folgenden Link:<\/p>\n\n\n\n<p>http: <a href=\"http:\/\/www.tsv-hohenpeissenberg.de\/html\/mitgliedschaft.html\">\/\/www.tsv-hohenpeissenberg.de\/html\/mitgliedschaft.html<\/a><\/p>\n\n\n\n<p>Hier findest Du den Aufnahmeantrag und die Datenschutzerkl\u00e4rung.<\/p>\n\n\n\n<p><\/p>\n","protected":false},"excerpt":{"rendered":"<p>Wenn Du Mitglied werden m\u00f6chtest, musst Du in den TSV und in unserer Tennissparte beitreten. Die aktuellen Beitragss\u00e4tze kannst Du der folgenden Tabelle entnehmen: Wie in der&nbsp;Jahreshauptversammlung 2021 beschlossen wurde, \u00e4ndern sich die Beitr\u00e4ge ab 2022 wie folgt: Aktiv Passiv &hellip; <a href=\"http:\/\/tennis-hohenpeissenberg.de\/?page_id=9\">Weiterlesen <span class=\"meta-nav\">&rarr;<\/span><\/a><\/p>\n","protected":false},"author":1,"featured_media":0,"parent":0,"menu_order":2,"comment_status":"closed","ping_status":"open","template":"","meta":{"footnotes":""},"class_list":["post-9","page","type-page","status-publish","hentry"],"_links":{"self":[{"href":"http:\/\/tennis-hohenpeissenberg.de\/index.php?rest_route=\/wp\/v2\/pages\/9","targetHints":{"allow":["GET"]}}],"collection":[{"href":"http:\/\/tennis-hohenpeissenberg.de\/index.php?rest_route=\/wp\/v2\/pages"}],"about":[{"href":"http:\/\/tennis-hohenpeissenberg.de\/index.php?rest_route=\/wp\/v2\/types\/page"}],"author":[{"embeddable":true,"href":"http:\/\/tennis-hohenpeissenberg.de\/index.php?rest_route=\/wp\/v2\/users\/1"}],"replies":[{"embeddable":true,"href":"http:\/\/tennis-hohenpeissenberg.de\/index.php?rest_route=%2Fwp%2Fv2%2Fcomments&post=9"}],"version-history":[{"count":60,"href":"http:\/\/tennis-hohenpeissenberg.de\/index.php?rest_route=\/wp\/v2\/pages\/9\/revisions"}],"predecessor-version":[{"id":2336,"href":"http:\/\/tennis-hohenpeissenberg.de\/index.php?rest_route=\/wp\/v2\/pages\/9\/revisions\/2336"}],"wp:attachment":[{"href":"http:\/\/tennis-hohenpeissenberg.de\/index.php?rest_route=%2Fwp%2Fv2%2Fmedia&parent=9"}],"curies":[{"name":"wp","href":"https:\/\/api.w.org\/{rel}","templated":true}]}}